{"id":13120,"date":"2021-11-19T17:34:36","date_gmt":"2021-11-19T17:34:36","guid":{"rendered":"https:\/\/dgo.legal\/sandbox\/recursos\/"},"modified":"2022-06-08T16:43:25","modified_gmt":"2022-06-08T16:43:25","slug":"recursos","status":"publish","type":"page","link":"https:\/\/dgo.legal\/es\/recursos\/","title":{"rendered":"Recursos"},"content":{"rendered":"<div class=\"wpb-content-wrapper\"><p>[vc_row heading_color=&#8221;light&#8221; section_type=&#8221;fullwidth&#8221; bg_type=&#8221;color&#8221; equal_column_height=&#8221;equal-column&#8221; font_color=&#8221;#ffffff&#8221; padding_top=&#8221;0&#8243; bg_color=&#8221;#1386c3&#8243; padding_bottom=&#8221;0&#8243; margin_bottom=&#8221;0&#8243;][vc_column vertical_content_position=&#8221;middle&#8221; width=&#8221;5\/6&#8243; css=&#8221;.vc_custom_1637188073506{padding-right: 4% !important;padding-left: 4% !important;background-color: #06264d !important;}&#8221;][vc_empty_space height=&#8221;140px&#8221;][vc_column_text]<\/p>\n<h1 style=\"text-align: center;\">CENTRO DE RECURSOS DEL CLIENTE<\/h1>\n<p>[\/vc_column_text][vc_empty_space height=&#8221;100px&#8221;][\/vc_column][vc_column width=&#8221;1\/6&#8243; css=&#8221;.vc_custom_1637350295665{padding-right: 10% !important;padding-left: 6% !important;}&#8221;][vc_empty_space height=&#8221;120px&#8221;][\/vc_column][\/vc_row][vc_row section_type=&#8221;fullwidth&#8221; equal_column_height=&#8221;equal-column&#8221; margin_bottom=&#8221;0&#8243; padding_top=&#8221;0&#8243; padding_bottom=&#8221;120&#8243;][vc_column width=&#8221;1\/4&#8243; tablet_sm_width=&#8221;1&#8243;][\/vc_column][vc_column width=&#8221;1\/2&#8243; css=&#8221;.vc_custom_1638308588640{padding-right: 8% !important;padding-left: 8% !important;}&#8221;][vc_empty_space height=&#8221;120&#8243;]<div class=\"grve-element grve-slogan grve-align-left\" style=\"margin-bottom: 0px;\"><div class=\"grve-subtitle\">SERVICIOS DE CIUDADAN\u00cdA E INMIGRACI\u00d3N DE LOS ESTADOS UNIDOS<\/div><h2 class=\"grve-slogan-title grve-align-left grve-h4\"><span>ESTADO DE LA SOLICITUD DE INMIGRACI\u00d3N<\/span><\/h2>  <p class=\"\">Utilice esta herramienta para comprobar el estado de su aplicaci\u00f3n, petici\u00f3n o solicitud de inmigraci\u00f3n, introduciendo su n\u00famero de recibo.<\/p><div class=\"grve-btn-wrapper\"><a href=\"https:\/\/egov.uscis.gov\/casestatus\/landing.do\" title=\"ABRIR EL SITIO WEB\" target=\"_blank\" class=\"grve-btn grve-btn-extrasmall grve-round grve-bg-black grve-bg-hover-black\"><span>ABRIR EL SITIO WEB<\/span><\/a><\/div><\/div>[\/vc_column][vc_column width=&#8221;1\/4&#8243;][\/vc_column][\/vc_row][vc_row section_type=&#8221;fullwidth&#8221; equal_column_height=&#8221;middle-content&#8221; margin_bottom=&#8221;0&#8243; padding_top=&#8221;0&#8243; padding_bottom=&#8221;120&#8243;][vc_column width=&#8221;1\/4&#8243; tablet_sm_width=&#8221;1&#8243; css=&#8221;.vc_custom_1637626868432{background-color: #f4f4f4 !important;}&#8221;][\/vc_column][vc_column width=&#8221;1\/2&#8243; css=&#8221;.vc_custom_1638311263216{padding-right: 8% !important;padding-left: 8% !important;background-color: #f4f4f4 !important;}&#8221;][vc_empty_space height=&#8221;110&#8243;]<div class=\"grve-element grve-slogan grve-align-left\" style=\"margin-bottom: 0px;\"><div class=\"grve-subtitle\">SERVICIOS DE CIUDADAN\u00cdA E INMIGRACI\u00d3N DE LOS ESTADOS UNIDOS<\/div><h2 class=\"grve-slogan-title grve-align-left grve-h4\"><span>TIEMPOS DE TRAMITACI\u00d3N DE LA SOLICITUD DE INMIGRACI\u00d3N<\/span><\/h2>  <p class=\"\">Utilice esta herramienta para comprobar los tiempos de tramitaci\u00f3n de su solicitud de inmigraci\u00f3n introduciendo el n\u00famero de formulario de su caso.<\/p><div class=\"grve-btn-wrapper\"><a href=\"https:\/\/egov.uscis.gov\/processing-times\/\" title=\"ABRIR EL SITIO WEB\" target=\"_blank\" class=\"grve-btn grve-btn-extrasmall grve-round grve-bg-black grve-bg-hover-black grve-btn-line\"><span>ABRIR EL SITIO WEB<\/span><\/a><\/div><\/div>[vc_empty_space height=&#8221;110px&#8221;][\/vc_column][vc_column width=&#8221;1\/4&#8243;][\/vc_column][\/vc_row][vc_row section_type=&#8221;fullwidth&#8221; equal_column_height=&#8221;equal-column&#8221; margin_bottom=&#8221;0&#8243; padding_top=&#8221;0&#8243; padding_bottom=&#8221;120&#8243;][vc_column width=&#8221;1\/4&#8243; tablet_sm_width=&#8221;1&#8243;][\/vc_column][vc_column width=&#8221;1\/2&#8243; css=&#8221;.vc_custom_1638311270694{padding-right: 8% !important;padding-left: 8% !important;}&#8221;]<div class=\"grve-element grve-slogan grve-align-left\" style=\"margin-bottom: 0px;\"><div class=\"grve-subtitle\">SERVICIOS DE CIUDADAN\u00cdA E INMIGRACI\u00d3N DE LOS ESTADOS UNIDOS<\/div><h2 class=\"grve-slogan-title grve-align-left grve-h4\"><span>NATURALIZACI\u00d3N<\/span><\/h2>  <p class=\"\">Este recurso gratuito le ayuda a prepararse para el examen de ingl\u00e9s y civismo antes de la entrevista de naturalizaci\u00f3n.<\/p><div class=\"grve-btn-wrapper\"><a href=\"https:\/\/www.uscis.gov\/citizenship\/learners\/study-test\/study-materials-civics-test\" title=\"ABRIR EL SITIO WEB\" target=\"_blank\" class=\"grve-btn grve-btn-extrasmall grve-round grve-bg-black grve-bg-hover-black\"><span>ABRIR EL SITIO WEB<\/span><\/a><\/div><\/div>[\/vc_column][vc_column width=&#8221;1\/4&#8243;][\/vc_column][\/vc_row][vc_row section_type=&#8221;fullwidth&#8221; equal_column_height=&#8221;middle-content&#8221; margin_bottom=&#8221;0&#8243; padding_top=&#8221;0&#8243; padding_bottom=&#8221;120&#8243;][vc_column width=&#8221;1\/4&#8243; tablet_sm_width=&#8221;1&#8243; css=&#8221;.vc_custom_1637373061283{background-color: #f4f4f4 !important;}&#8221;][\/vc_column][vc_column width=&#8221;1\/2&#8243; css=&#8221;.vc_custom_1638311277684{padding-right: 8% !important;padding-left: 8% !important;background-color: #f4f4f4 !important;}&#8221;][vc_empty_space height=&#8221;110&#8243;]<div class=\"grve-element grve-slogan grve-align-left\" style=\"margin-bottom: 0px;\"><div class=\"grve-subtitle\">DEPARTAMENTO DE ESTADO DE LOS ESTADOS UNIDOS<\/div><h2 class=\"grve-slogan-title grve-align-left grve-h4\"><span>BOLET\u00cdN DE VISAS<\/span><\/h2>  <p class=\"\">Consulte la fecha de prioridad para empezar a tramitar su visa de inmigrante. El Bolet\u00edn de Visas es una publicaci\u00f3n mensual que le indica si puede solicitar su green card y cu\u00e1ndo lo puede hacer.<\/p><div class=\"grve-btn-wrapper\"><a href=\"https:\/\/travel.state.gov\/content\/travel\/en\/legal\/visa-law0\/visa-bulletin.html\" title=\"ABRIR EL SITIO WEB\" target=\"_blank\" class=\"grve-btn grve-btn-extrasmall grve-round grve-bg-black grve-bg-hover-black grve-btn-line\"><span>ABRIR EL SITIO WEB<\/span><\/a><\/div><\/div>[vc_empty_space height=&#8221;110px&#8221;][\/vc_column][vc_column width=&#8221;1\/4&#8243; css=&#8221;.vc_custom_1637373018134{background-color: #f4f4f4 !important;}&#8221;][\/vc_column][\/vc_row][vc_row section_type=&#8221;fullwidth&#8221; equal_column_height=&#8221;equal-column&#8221; margin_bottom=&#8221;0&#8243; padding_top=&#8221;0&#8243; padding_bottom=&#8221;120&#8243;][vc_column width=&#8221;1\/4&#8243; tablet_sm_width=&#8221;1&#8243;][\/vc_column][vc_column width=&#8221;1\/2&#8243; css=&#8221;.vc_custom_1638311283261{padding-right: 8% !important;padding-left: 8% !important;}&#8221;]<div class=\"grve-element grve-slogan grve-align-left\" style=\"margin-bottom: 0px;\"><div class=\"grve-subtitle\">DEPARTAMENTO DE ESTADO DE LOS ESTADOS UNIDOS<\/div><h2 class=\"grve-slogan-title grve-align-left grve-h4\"><span>CONSULADO<\/span><\/h2>  <p class=\"\">Utilice esta herramienta para comprobar el tiempo de espera actual para una cita de visa. Los tiempos de espera estimados pueden cambiar semanalmente.<\/p><div class=\"grve-btn-wrapper\"><a href=\"https:\/\/travel.state.gov\/content\/travel\/en\/us-visas\/visa-information-resources\/wait-times.html\" title=\"ABRIR EL SITIO WEB\" target=\"_blank\" class=\"grve-btn grve-btn-extrasmall grve-round grve-bg-black grve-bg-hover-black\"><span>ABRIR EL SITIO WEB<\/span><\/a><\/div><\/div>[\/vc_column][vc_column width=&#8221;1\/4&#8243;][\/vc_column][\/vc_row][vc_row section_type=&#8221;fullwidth&#8221; equal_column_height=&#8221;middle-content&#8221; margin_bottom=&#8221;0&#8243; padding_top=&#8221;0&#8243; padding_bottom=&#8221;120&#8243;][vc_column width=&#8221;1\/4&#8243; tablet_sm_width=&#8221;1&#8243; css=&#8221;.vc_custom_1637374075516{background-color: #f4f4f4 !important;}&#8221;][\/vc_column][vc_column width=&#8221;1\/2&#8243; css=&#8221;.vc_custom_1638311289398{padding-right: 8% !important;padding-left: 8% !important;background-color: #f4f4f4 !important;}&#8221;][vc_empty_space height=&#8221;110&#8243;]<div class=\"grve-element grve-slogan grve-align-left\" style=\"margin-bottom: 0px;\"><div class=\"grve-subtitle\">DEPARTAMENTO DE JUSTICIA DE LOS ESTADOS UNIDOS<\/div><h2 class=\"grve-slogan-title grve-align-left grve-h4\"><span>ESTADO DEL CASO EN LA CORTE DE INMIGRACI\u00d3N<\/span><\/h2>  <p class=\"\">Llame al 1-800-898-7180 para comprobar el estado de su caso. Puede obtener informaci\u00f3n sobre el estado de su caso las 24 horas del d\u00eda, los 7 d\u00edas de la semana, de forma gratuita.<\/p><div class=\"grve-btn-wrapper\"><a href=\"https:\/\/acis.eoir.justice.gov\/en\/\" title=\"ABRIR EL SITIO WEB\" target=\"_blank\" class=\"grve-btn grve-btn-small grve-round grve-bg-black grve-bg-hover-black grve-btn-line\"><span>ABRIR EL SITIO WEB<\/span><\/a><\/div><\/div>[vc_empty_space height=&#8221;110px&#8221;][\/vc_column][vc_column width=&#8221;1\/4&#8243;][\/vc_column][\/vc_row][vc_row section_type=&#8221;fullwidth&#8221; equal_column_height=&#8221;equal-column&#8221; margin_bottom=&#8221;0&#8243; padding_top=&#8221;0&#8243; padding_bottom=&#8221;120&#8243;][vc_column width=&#8221;1\/4&#8243; tablet_sm_width=&#8221;1&#8243;][\/vc_column][vc_column width=&#8221;1\/2&#8243; css=&#8221;.vc_custom_1638311294058{padding-right: 8% !important;padding-left: 8% !important;}&#8221;]<div class=\"grve-element grve-slogan grve-align-left\" style=\"margin-bottom: 0px;\"><div class=\"grve-subtitle\">DEPARTAMENTO DE JUSTICIA DE LOS ESTADOS UNIDOS<\/div><h2 class=\"grve-slogan-title grve-align-left grve-h4\"><span>LISTADO DE TRIBUNALES DE INMIGRACI\u00d3N<\/span><\/h2>  <p class=\"\">Aseg\u00farese de que est\u00e1 compareciendo en el lugar correcto; en esta p\u00e1gina encontrar\u00e1 una lista de todos los Tribunales de Inmigraci\u00f3n de los Estados Unidos.<\/p><div class=\"grve-btn-wrapper\"><a href=\"https:\/\/www.justice.gov\/eoir\/eoir-immigration-court-listing\" title=\"ABRIR EL SITIO WEB\" target=\"_blank\" class=\"grve-btn grve-btn-small grve-round grve-bg-black grve-bg-hover-black\"><span>ABRIR EL SITIO WEB<\/span><\/a><\/div><\/div>[\/vc_column][vc_column width=&#8221;1\/4&#8243;][\/vc_column][\/vc_row][vc_row heading_color=&#8221;light&#8221; section_type=&#8221;fullwidth&#8221; bg_type=&#8221;color&#8221; footer_feature=&#8221;yes&#8221; font_color=&#8221;#ffffff&#8221; padding_top=&#8221;0&#8243; bg_color=&#8221;#1386c3&#8243; padding_bottom=&#8221;0&#8243;][vc_column vertical_content_position=&#8221;middle&#8221; css=&#8221;.vc_custom_1637630601201{padding-top: 90px !important;padding-right: 18% !important;padding-bottom: 90px !important;padding-left: 18% !important;}&#8221;]<div class=\"grve-element grve-callout grve-btn-right\" style=\"\">  <div class=\"grve-callout-wrapper\"><h3 class=\"grve-callout-content grve-h4\">PARA M\u00c1S INFORMACI\u00d3N SOBRE EL PROGRESO DE SU CASO, P\u00d3NGASE EN CONTACTO CON NOSOTROS<\/h3>  <\/div>  <div class=\"grve-button-wrapper\"><a href=\"tel:+1-213-278-4073\" title=\"LLAME A DGO AHORA\" class=\"grve-btn grve-btn-small grve-round grve-bg-primary-4 grve-bg-hover-primary-4\"><span>LLAME A DGO AHORA<\/span><\/a>  <\/div><\/div>[\/vc_column][\/vc_row]<\/p>\n<\/div>","protected":false},"excerpt":{"rendered":"<p>[vc_row heading_color=&#8221;light&#8221; section_type=&#8221;fullwidth&#8221; bg_type=&#8221;color&#8221; equal_column_height=&#8221;equal-column&#8221; font_color=&#8221;#ffffff&#8221; padding_top=&#8221;0&#8243; bg_color=&#8221;#1386c3&#8243; padding_bottom=&#8221;0&#8243; margin_bottom=&#8221;0&#8243;][vc_column vertical_content_position=&#8221;middle&#8221; width=&#8221;5\/6&#8243; css=&#8221;.vc_custom_1637188073506{padding-right: 4% !important;padding-left: 4% !important;background-color: #06264d !important;}&#8221;][vc_empty_space height=&#8221;140px&#8221;][vc_column_text] CENTRO DE RECURSOS DEL CLIENTE [\/vc_column_text][vc_empty_space height=&#8221;100px&#8221;][\/vc_column][vc_column width=&#8221;1\/6&#8243; css=&#8221;.vc_custom_1637350295665{padding-right: 10% !important;padding-left: 6% !important;}&#8221;][vc_empty_space height=&#8221;120px&#8221;][\/vc_column][\/vc_row][vc_row section_type=&#8221;fullwidth&#8221; equal_column_height=&#8221;equal-column&#8221; margin_bottom=&#8221;0&#8243; padding_top=&#8221;0&#8243; padding_bottom=&#8221;120&#8243;][vc_column width=&#8221;1\/4&#8243; tablet_sm_width=&#8221;1&#8243;][\/vc_column][vc_column width=&#8221;1\/2&#8243; css=&#8221;.vc_custom_1638308588640{padding-right: 8% !important;padding-left: 8% !important;}&#8221;][vc_empty_space height=&#8221;120&#8243;][\/vc_column][vc_column width=&#8221;1\/4&#8243;][\/vc_column][\/vc_row][vc_row section_type=&#8221;fullwidth&#8221; equal_column_height=&#8221;middle-content&#8221; margin_bottom=&#8221;0&#8243; padding_top=&#8221;0&#8243; padding_bottom=&#8221;120&#8243;][vc_column width=&#8221;1\/4&#8243; [&hellip;]<\/p>\n","protected":false},"author":10,"featured_media":12988,"parent":0,"menu_order":0,"comment_status":"closed","ping_status":"closed","template":"","meta":{"footnotes":""},"class_list":["post-13120","page","type-page","status-publish","has-post-thumbnail","hentry"],"yoast_head":"<!-- This site is optimized with the Yoast SEO plugin v27.3 - https:\/\/yoast.com\/product\/yoast-seo-wordpress\/ -->\n<title>Recursos - DGO Legal<\/title>\n<meta name=\"robots\" content=\"index, follow, max-snippet:-1, max-image-preview:large, max-video-preview:-1\" \/>\n<link rel=\"canonical\" href=\"https:\/\/dgo.legal\/es\/recursos\/\" \/>\n<meta property=\"og:locale\" content=\"es_ES\" \/>\n<meta property=\"og:type\" content=\"article\" \/>\n<meta property=\"og:title\" content=\"Recursos - DGO Legal\" \/>\n<meta property=\"og:description\" content=\"[vc_row heading_color=&#8221;light&#8221; section_type=&#8221;fullwidth&#8221; bg_type=&#8221;color&#8221; equal_column_height=&#8221;equal-column&#8221; font_color=&#8221;#ffffff&#8221; padding_top=&#8221;0&#8243; bg_color=&#8221;#1386c3&#8243; padding_bottom=&#8221;0&#8243; margin_bottom=&#8221;0&#8243;][vc_column vertical_content_position=&#8221;middle&#8221; width=&#8221;5\/6&#8243; css=&#8221;.vc_custom_1637188073506{padding-right: 4% !important;padding-left: 4% !important;background-color: #06264d !important;}&#8221;][vc_empty_space height=&#8221;140px&#8221;][vc_column_text] CENTRO DE RECURSOS DEL CLIENTE [\/vc_column_text][vc_empty_space height=&#8221;100px&#8221;][\/vc_column][vc_column width=&#8221;1\/6&#8243; css=&#8221;.vc_custom_1637350295665{padding-right: 10% !important;padding-left: 6% !important;}&#8221;][vc_empty_space height=&#8221;120px&#8221;][\/vc_column][\/vc_row][vc_row section_type=&#8221;fullwidth&#8221; equal_column_height=&#8221;equal-column&#8221; margin_bottom=&#8221;0&#8243; padding_top=&#8221;0&#8243; padding_bottom=&#8221;120&#8243;][vc_column width=&#8221;1\/4&#8243; tablet_sm_width=&#8221;1&#8243;][\/vc_column][vc_column width=&#8221;1\/2&#8243; css=&#8221;.vc_custom_1638308588640{padding-right: 8% !important;padding-left: 8% !important;}&#8221;][vc_empty_space height=&#8221;120&#8243;][\/vc_column][vc_column width=&#8221;1\/4&#8243;][\/vc_column][\/vc_row][vc_row section_type=&#8221;fullwidth&#8221; equal_column_height=&#8221;middle-content&#8221; margin_bottom=&#8221;0&#8243; padding_top=&#8221;0&#8243; padding_bottom=&#8221;120&#8243;][vc_column width=&#8221;1\/4&#8243; [&hellip;]\" \/>\n<meta property=\"og:url\" content=\"https:\/\/dgo.legal\/es\/recursos\/\" \/>\n<meta property=\"og:site_name\" content=\"DGO Legal\" \/>\n<meta property=\"article:publisher\" content=\"https:\/\/www.facebook.com\/inmigraciontv\/\" \/>\n<meta property=\"article:modified_time\" content=\"2022-06-08T16:43:25+00:00\" \/>\n<meta property=\"og:image\" content=\"https:\/\/dgo.legal\/wp-content\/uploads\/2021\/12\/Resources-DGO-Legal.png\" \/>\n\t<meta property=\"og:image:width\" content=\"1903\" \/>\n\t<meta property=\"og:image:height\" content=\"880\" \/>\n\t<meta property=\"og:image:type\" content=\"image\/png\" \/>\n<meta name=\"twitter:card\" content=\"summary_large_image\" \/>\n<meta name=\"twitter:site\" content=\"@dgolegal\" \/>\n<script type=\"application\/ld+json\" class=\"yoast-schema-graph\">{\"@context\":\"https:\\\/\\\/schema.org\",\"@graph\":[{\"@type\":\"WebPage\",\"@id\":\"https:\\\/\\\/dgo.legal\\\/es\\\/recursos\\\/\",\"url\":\"https:\\\/\\\/dgo.legal\\\/es\\\/recursos\\\/\",\"name\":\"Recursos - DGO Legal\",\"isPartOf\":{\"@id\":\"https:\\\/\\\/dgo.legal\\\/es\\\/#website\"},\"primaryImageOfPage\":{\"@id\":\"https:\\\/\\\/dgo.legal\\\/es\\\/recursos\\\/#primaryimage\"},\"image\":{\"@id\":\"https:\\\/\\\/dgo.legal\\\/es\\\/recursos\\\/#primaryimage\"},\"thumbnailUrl\":\"https:\\\/\\\/dgo.legal\\\/wp-content\\\/uploads\\\/2021\\\/12\\\/Resources-DGO-Legal.png\",\"datePublished\":\"2021-11-19T17:34:36+00:00\",\"dateModified\":\"2022-06-08T16:43:25+00:00\",\"breadcrumb\":{\"@id\":\"https:\\\/\\\/dgo.legal\\\/es\\\/recursos\\\/#breadcrumb\"},\"inLanguage\":\"es\",\"potentialAction\":[{\"@type\":\"ReadAction\",\"target\":[\"https:\\\/\\\/dgo.legal\\\/es\\\/recursos\\\/\"]}]},{\"@type\":\"ImageObject\",\"inLanguage\":\"es\",\"@id\":\"https:\\\/\\\/dgo.legal\\\/es\\\/recursos\\\/#primaryimage\",\"url\":\"https:\\\/\\\/dgo.legal\\\/wp-content\\\/uploads\\\/2021\\\/12\\\/Resources-DGO-Legal.png\",\"contentUrl\":\"https:\\\/\\\/dgo.legal\\\/wp-content\\\/uploads\\\/2021\\\/12\\\/Resources-DGO-Legal.png\",\"width\":1903,\"height\":880},{\"@type\":\"BreadcrumbList\",\"@id\":\"https:\\\/\\\/dgo.legal\\\/es\\\/recursos\\\/#breadcrumb\",\"itemListElement\":[{\"@type\":\"ListItem\",\"position\":1,\"name\":\"Home\",\"item\":\"https:\\\/\\\/dgo.legal\\\/es\\\/\"},{\"@type\":\"ListItem\",\"position\":2,\"name\":\"Recursos\"}]},{\"@type\":\"WebSite\",\"@id\":\"https:\\\/\\\/dgo.legal\\\/es\\\/#website\",\"url\":\"https:\\\/\\\/dgo.legal\\\/es\\\/\",\"name\":\"DGO Legal\",\"description\":\"Business and Immigration Law\",\"publisher\":{\"@id\":\"https:\\\/\\\/dgo.legal\\\/es\\\/#organization\"},\"potentialAction\":[{\"@type\":\"SearchAction\",\"target\":{\"@type\":\"EntryPoint\",\"urlTemplate\":\"https:\\\/\\\/dgo.legal\\\/es\\\/?s={search_term_string}\"},\"query-input\":{\"@type\":\"PropertyValueSpecification\",\"valueRequired\":true,\"valueName\":\"search_term_string\"}}],\"inLanguage\":\"es\"},{\"@type\":\"Organization\",\"@id\":\"https:\\\/\\\/dgo.legal\\\/es\\\/#organization\",\"name\":\"DGO Legal\",\"url\":\"https:\\\/\\\/dgo.legal\\\/es\\\/\",\"logo\":{\"@type\":\"ImageObject\",\"inLanguage\":\"es\",\"@id\":\"https:\\\/\\\/dgo.legal\\\/es\\\/#\\\/schema\\\/logo\\\/image\\\/\",\"url\":\"https:\\\/\\\/dgo.legal\\\/wp-content\\\/uploads\\\/2022\\\/03\\\/DGO-Logo-SEO.png\",\"contentUrl\":\"https:\\\/\\\/dgo.legal\\\/wp-content\\\/uploads\\\/2022\\\/03\\\/DGO-Logo-SEO.png\",\"width\":1280,\"height\":720,\"caption\":\"DGO Legal\"},\"image\":{\"@id\":\"https:\\\/\\\/dgo.legal\\\/es\\\/#\\\/schema\\\/logo\\\/image\\\/\"},\"sameAs\":[\"https:\\\/\\\/www.facebook.com\\\/inmigraciontv\\\/\",\"https:\\\/\\\/x.com\\\/dgolegal\",\"https:\\\/\\\/www.instagram.com\\\/inmigraciontv\\\/\",\"https:\\\/\\\/www.linkedin.com\\\/company\\\/dgolegal\\\/\",\"https:\\\/\\\/www.youtube.com\\\/channel\\\/UCRccmoD3yw6pg3BlSBGkaOg\"]}]}<\/script>\n<!-- \/ Yoast SEO plugin. -->","yoast_head_json":{"title":"Recursos - DGO Legal","robots":{"index":"index","follow":"follow","max-snippet":"max-snippet:-1","max-image-preview":"max-image-preview:large","max-video-preview":"max-video-preview:-1"},"canonical":"https:\/\/dgo.legal\/es\/recursos\/","og_locale":"es_ES","og_type":"article","og_title":"Recursos - DGO Legal","og_description":"[vc_row heading_color=&#8221;light&#8221; section_type=&#8221;fullwidth&#8221; bg_type=&#8221;color&#8221; equal_column_height=&#8221;equal-column&#8221; font_color=&#8221;#ffffff&#8221; padding_top=&#8221;0&#8243; bg_color=&#8221;#1386c3&#8243; padding_bottom=&#8221;0&#8243; margin_bottom=&#8221;0&#8243;][vc_column vertical_content_position=&#8221;middle&#8221; width=&#8221;5\/6&#8243; css=&#8221;.vc_custom_1637188073506{padding-right: 4% !important;padding-left: 4% !important;background-color: #06264d !important;}&#8221;][vc_empty_space height=&#8221;140px&#8221;][vc_column_text] CENTRO DE RECURSOS DEL CLIENTE [\/vc_column_text][vc_empty_space height=&#8221;100px&#8221;][\/vc_column][vc_column width=&#8221;1\/6&#8243; css=&#8221;.vc_custom_1637350295665{padding-right: 10% !important;padding-left: 6% !important;}&#8221;][vc_empty_space height=&#8221;120px&#8221;][\/vc_column][\/vc_row][vc_row section_type=&#8221;fullwidth&#8221; equal_column_height=&#8221;equal-column&#8221; margin_bottom=&#8221;0&#8243; padding_top=&#8221;0&#8243; padding_bottom=&#8221;120&#8243;][vc_column width=&#8221;1\/4&#8243; tablet_sm_width=&#8221;1&#8243;][\/vc_column][vc_column width=&#8221;1\/2&#8243; css=&#8221;.vc_custom_1638308588640{padding-right: 8% !important;padding-left: 8% !important;}&#8221;][vc_empty_space height=&#8221;120&#8243;][\/vc_column][vc_column width=&#8221;1\/4&#8243;][\/vc_column][\/vc_row][vc_row section_type=&#8221;fullwidth&#8221; equal_column_height=&#8221;middle-content&#8221; margin_bottom=&#8221;0&#8243; padding_top=&#8221;0&#8243; padding_bottom=&#8221;120&#8243;][vc_column width=&#8221;1\/4&#8243; [&hellip;]","og_url":"https:\/\/dgo.legal\/es\/recursos\/","og_site_name":"DGO Legal","article_publisher":"https:\/\/www.facebook.com\/inmigraciontv\/","article_modified_time":"2022-06-08T16:43:25+00:00","og_image":[{"width":1903,"height":880,"url":"https:\/\/dgo.legal\/wp-content\/uploads\/2021\/12\/Resources-DGO-Legal.png","type":"image\/png"}],"twitter_card":"summary_large_image","twitter_site":"@dgolegal","schema":{"@context":"https:\/\/schema.org","@graph":[{"@type":"WebPage","@id":"https:\/\/dgo.legal\/es\/recursos\/","url":"https:\/\/dgo.legal\/es\/recursos\/","name":"Recursos - DGO Legal","isPartOf":{"@id":"https:\/\/dgo.legal\/es\/#website"},"primaryImageOfPage":{"@id":"https:\/\/dgo.legal\/es\/recursos\/#primaryimage"},"image":{"@id":"https:\/\/dgo.legal\/es\/recursos\/#primaryimage"},"thumbnailUrl":"https:\/\/dgo.legal\/wp-content\/uploads\/2021\/12\/Resources-DGO-Legal.png","datePublished":"2021-11-19T17:34:36+00:00","dateModified":"2022-06-08T16:43:25+00:00","breadcrumb":{"@id":"https:\/\/dgo.legal\/es\/recursos\/#breadcrumb"},"inLanguage":"es","potentialAction":[{"@type":"ReadAction","target":["https:\/\/dgo.legal\/es\/recursos\/"]}]},{"@type":"ImageObject","inLanguage":"es","@id":"https:\/\/dgo.legal\/es\/recursos\/#primaryimage","url":"https:\/\/dgo.legal\/wp-content\/uploads\/2021\/12\/Resources-DGO-Legal.png","contentUrl":"https:\/\/dgo.legal\/wp-content\/uploads\/2021\/12\/Resources-DGO-Legal.png","width":1903,"height":880},{"@type":"BreadcrumbList","@id":"https:\/\/dgo.legal\/es\/recursos\/#breadcrumb","itemListElement":[{"@type":"ListItem","position":1,"name":"Home","item":"https:\/\/dgo.legal\/es\/"},{"@type":"ListItem","position":2,"name":"Recursos"}]},{"@type":"WebSite","@id":"https:\/\/dgo.legal\/es\/#website","url":"https:\/\/dgo.legal\/es\/","name":"DGO Legal","description":"Business and Immigration Law","publisher":{"@id":"https:\/\/dgo.legal\/es\/#organization"},"potentialAction":[{"@type":"SearchAction","target":{"@type":"EntryPoint","urlTemplate":"https:\/\/dgo.legal\/es\/?s={search_term_string}"},"query-input":{"@type":"PropertyValueSpecification","valueRequired":true,"valueName":"search_term_string"}}],"inLanguage":"es"},{"@type":"Organization","@id":"https:\/\/dgo.legal\/es\/#organization","name":"DGO Legal","url":"https:\/\/dgo.legal\/es\/","logo":{"@type":"ImageObject","inLanguage":"es","@id":"https:\/\/dgo.legal\/es\/#\/schema\/logo\/image\/","url":"https:\/\/dgo.legal\/wp-content\/uploads\/2022\/03\/DGO-Logo-SEO.png","contentUrl":"https:\/\/dgo.legal\/wp-content\/uploads\/2022\/03\/DGO-Logo-SEO.png","width":1280,"height":720,"caption":"DGO Legal"},"image":{"@id":"https:\/\/dgo.legal\/es\/#\/schema\/logo\/image\/"},"sameAs":["https:\/\/www.facebook.com\/inmigraciontv\/","https:\/\/x.com\/dgolegal","https:\/\/www.instagram.com\/inmigraciontv\/","https:\/\/www.linkedin.com\/company\/dgolegal\/","https:\/\/www.youtube.com\/channel\/UCRccmoD3yw6pg3BlSBGkaOg"]}]}},"_links":{"self":[{"href":"https:\/\/dgo.legal\/es\/wp-json\/wp\/v2\/pages\/13120","targetHints":{"allow":["GET"]}}],"collection":[{"href":"https:\/\/dgo.legal\/es\/wp-json\/wp\/v2\/pages"}],"about":[{"href":"https:\/\/dgo.legal\/es\/wp-json\/wp\/v2\/types\/page"}],"author":[{"embeddable":true,"href":"https:\/\/dgo.legal\/es\/wp-json\/wp\/v2\/users\/10"}],"replies":[{"embeddable":true,"href":"https:\/\/dgo.legal\/es\/wp-json\/wp\/v2\/comments?post=13120"}],"version-history":[{"count":11,"href":"https:\/\/dgo.legal\/es\/wp-json\/wp\/v2\/pages\/13120\/revisions"}],"predecessor-version":[{"id":13508,"href":"https:\/\/dgo.legal\/es\/wp-json\/wp\/v2\/pages\/13120\/revisions\/13508"}],"wp:featuredmedia":[{"embeddable":true,"href":"https:\/\/dgo.legal\/es\/wp-json\/wp\/v2\/media\/12988"}],"wp:attachment":[{"href":"https:\/\/dgo.legal\/es\/wp-json\/wp\/v2\/media?parent=13120"}],"curies":[{"name":"wp","href":"https:\/\/api.w.org\/{rel}","templated":true}]}}