{"id":13053,"date":"2021-10-12T00:14:52","date_gmt":"2021-10-12T00:14:52","guid":{"rendered":"https:\/\/dgo.legal\/sandbox\/terminos\/"},"modified":"2022-05-27T00:30:23","modified_gmt":"2022-05-27T00:30:23","slug":"terminos","status":"publish","type":"page","link":"https:\/\/dgo.legal\/es\/terminos\/","title":{"rendered":"T\u00e9rminos"},"content":{"rendered":"<div class=\"wpb-content-wrapper\"><p>[vc_row heading_color=&#8221;light&#8221; bg_type=&#8221;color&#8221; equal_column_height=&#8221;equal-column&#8221; font_color=&#8221;#ffffff&#8221; padding_top=&#8221;0&#8243; bg_color=&#8221;#06264d&#8221; padding_bottom=&#8221;0&#8243; margin_bottom=&#8221;0&#8243;][vc_column vertical_content_position=&#8221;middle&#8221; css=&#8221;.vc_custom_1637355527633{padding-right: 4% !important;padding-left: 4% !important;}&#8221;][vc_empty_space height=&#8221;120px&#8221;][vc_column_text]<\/p>\n<h1 style=\"text-align: center;\"><span style=\"color: #1386c3;\">SOMOS CLAROS EN CUANTO A EXPECTATIVAS<\/span><\/h1>\n<p>[\/vc_column_text][vc_empty_space height=&#8221;80px&#8221;][\/vc_column][\/vc_row][vc_row footer_feature=&#8221;yes&#8221; padding_top=&#8221;110&#8243; padding_bottom=&#8221;120&#8243;][vc_column][vc_column_text]<\/p>\n&#13;\n<h4 class=\"wp-block-heading\" style=\"text-align: left;\">T\u00e9rminos y Condiciones de ODG Media LLC<\/h4>&#13;\n<p style=\"text-align: justify;\"><\/p><\/p>\n<p style=\"text-align: justify;\">Bienvenido a \u00a1DGO Legal!<\/p>\n<p style=\"text-align: justify;\">Estos t\u00e9rminos y condiciones describen las reglas y reglamentos para el uso del sitio web de ODG Media LLC, ubicado en https:\/\/dgo.legal<\/p>\n<p style=\"text-align: justify;\">Al acceder a este sitio web asumimos que usted acepta estos t\u00e9rminos y condiciones. No contin\u00fae utilizando DGO Legal si no est\u00e1 de acuerdo en aceptar todos los t\u00e9rminos y condiciones establecidos en esta p\u00e1gina.<\/p>\n<p style=\"text-align: justify;\">La siguiente terminolog\u00eda se aplica a estos T\u00e9rminos y Condiciones, a la Declaraci\u00f3n de Privacidad, al Aviso de Exenci\u00f3n de Responsabilidad y a todos los Acuerdos: &#8220;Cliente&#8221;, &#8220;Usted&#8221; y &#8220;Su&#8221; se refieren a usted, la persona que se registra en este sitio web y que cumple con los t\u00e9rminos y condiciones de la Compa\u00f1\u00eda. &#8220;La Compa\u00f1\u00eda&#8221;, &#8220;Nosotros&#8221;, &#8220;Nuestro&#8221; y &#8220;Nosotros&#8221;, se refieren a nuestra Compa\u00f1\u00eda. &#8220;Parte&#8221;, &#8220;Partes&#8221; o &#8220;Nosotros&#8221;, se refieren tanto al Cliente como a nosotros. Todos los t\u00e9rminos se refieren a la oferta, la aceptaci\u00f3n y la aportaci\u00f3n de pago necesaria para llevar a cabo el proceso de nuestra asistencia al Cliente de la manera m\u00e1s adecuada con el prop\u00f3sito expreso de satisfacer las necesidades del Cliente con respecto a la prestaci\u00f3n de los servicios indicados de la Compa\u00f1\u00eda, de acuerdo con la legislaci\u00f3n vigente de los Pa\u00edses Bajos y con sujeci\u00f3n a la misma. Cualquier uso de la terminolog\u00eda anterior u otras palabras en singular, plural, may\u00fasculas y\/o \u00e9l\/ella o ellos, se consideran intercambiables y por lo tanto se refieren a lo mismo.<\/p>\n<p><!-- \/wp:post-content --> <\/p>\n<p><!-- wp:heading --><\/p>\n<h5 style=\"text-align: justify;\">Cookies<\/h5>\n<p><!-- \/wp:heading --><\/p>\n<p style=\"text-align: justify;\"><!-- wp:paragraph \/--><\/p>\n<p style=\"text-align: justify;\">Empleamos el uso de cookies. Al acceder a DGO Legal, usted acepta el uso de cookies de acuerdo con la Pol\u00edtica de Privacidad de ODG Media LLC.<\/p>\n<p style=\"text-align: justify;\">La mayor\u00eda de los sitios web interactivos utilizan cookies para permitirnos recuperar los datos del usuario en cada visita. Las cookies son utilizadas por nuestro sitio web para permitir la funcionalidad de ciertas \u00e1reas, para facilitar las visitas de las personas a nuestro sitio web. Algunos de nuestros socios afiliados\/publicitarios tambi\u00e9n pueden utilizar cookies.<\/p>\n<p><!-- \/wp:paragraph --> <\/p>\n<p><!-- wp:heading --><\/p>\n<h5 style=\"text-align: justify;\">Licencia<\/h5>\n<p style=\"text-align: justify;\"><!-- \/wp:heading --><\/p>\n<p style=\"text-align: justify;\">A menos que se indique lo contrario, ODG Media LLC y\/o sus licenciatarios poseen los derechos de propiedad intelectual de todo el material de DGO Legal. Todos los derechos de propiedad intelectual est\u00e1n reservados. Usted puede acceder a esto desde DGO Legal para su uso personal sujeto a las restricciones establecidas en estos t\u00e9rminos y condiciones.<\/p>\n<p style=\"text-align: justify;\">No debe:<\/p>\n<ul style=\"text-align: justify;\">\n<li>Volver a publicar el material de DGO Legal<\/li>\n<li>Vender, alquilar o sublicenciar el material de DGO Legal<\/li>\n<li>Reproducir, duplicar o copiar material de DGO Legal<\/li>\n<li>Redistribuir el contenido de DGO Legal<\/li>\n<\/ul>\n<p style=\"text-align: justify;\">El presente Acuerdo comenzar\u00e1 en la fecha del mismo.<\/p>\n<p style=\"text-align: justify;\">Algunas partes de este sitio web ofrecen la oportunidad de que los usuarios publiquen e intercambien opiniones e informaci\u00f3n en ciertas \u00e1reas del sitio web. ODG Media LLC no filtra, edita, publica o revisa los Comentarios antes de su presencia en el sitio web. Los Comentarios no reflejan los puntos de vista y opiniones de ODG Media LLC, sus agentes y\/o afiliados. Los Comentarios reflejan los puntos de vista y las opiniones de la persona que los publica. En la medida en que lo permita la legislaci\u00f3n aplicable, ODG Media LLC no ser\u00e1 responsable de los Comentarios ni de ninguna responsabilidad, da\u00f1os o gastos causados y\/o sufridos como resultado de cualquier uso y\/o publicaci\u00f3n y\/o aparici\u00f3n de los Comentarios en este sitio web.<\/p>\n<p style=\"text-align: justify;\">ODG Media LLC se reserva el derecho de supervisar todos los Comentarios y de eliminar cualquier Comentario que pueda considerarse inapropiado, ofensivo o que suponga un incumplimiento de estos T\u00e9rminos y Condiciones.<\/p>\n<p style=\"text-align: justify;\">Usted garantiza y declara que:<\/p>\n<ul style=\"text-align: justify;\">\n<li>Tiene derecho a publicar los Comentarios en nuestro sitio web y tiene todas las licencias y consentimientos necesarios para hacerlo;<\/li>\n<li>Los Comentarios no invaden ning\u00fan derecho de propiedad intelectual, incluyendo, sin limitaci\u00f3n, derechos de autor, patentes o marcas comerciales de terceros;<\/li>\n<li>Los Comentarios no contienen ning\u00fan material difamatorio, calumnioso, ofensivo, indecente o ilegal que suponga una invasi\u00f3n de la privacidad.<\/li>\n<li>Los Comentarios no se utilizar\u00e1n para solicitar o promover negocios o costumbres, o presentar actividades comerciales o ilegales.<\/li>\n<\/ul>\n<p style=\"text-align: justify;\">Usted otorga a ODG Media LLC una licencia no exclusiva para utilizar, reproducir, editar y autorizar a otros a utilizar, reproducir y editar cualquiera de sus Comentarios en cualquier forma, formato o medio.<\/p>\n<p><!-- \/wp:paragraph --> <\/p>\n<p><!-- wp:heading --><\/p>\n<h5 style=\"text-align: left;\">Hiperv\u00ednculos a nuestro Contenido<\/h5>\n<p style=\"text-align: justify;\"><!-- \/wp:heading --><\/p>\n<p style=\"text-align: justify;\">Las siguientes organizaciones pueden enlazar con nuestro sitio web sin necesidad de aprobaci\u00f3n previa por escrito:<\/p>\n<ul style=\"text-align: justify;\">\n<li>Agencias gubernamentales;<\/li>\n<li>Motores de b\u00fasqueda;<\/li>\n<li>Organizaciones de noticias;<\/li>\n<li>Los distribuidores de directorios en l\u00ednea pueden enlazar con nuestro sitio web de la misma manera que lo hacen con los sitios web de otras empresas incluidas en la lista; y<\/li>\n<li>Empresas acreditadas en todo el sistema, excepto las organizaciones sin \u00e1nimo de lucro, los centros comerciales de beneficencia y los grupos de recaudaci\u00f3n de fondos de beneficencia, que no pueden establecer un hiperv\u00ednculo con nuestro sitio web.<\/li>\n<\/ul>\n<p style=\"text-align: justify;\">Estas organizaciones pueden enlazar con nuestra p\u00e1gina de inicio, con publicaciones o con otra informaci\u00f3n del sitio web siempre que el enlace: (a) no sea en modo alguno enga\u00f1oso; (b) no implique falsamente el patrocinio, el respaldo o la aprobaci\u00f3n de la parte que enlaza y de sus productos y\/o servicios; y (c) se ajuste al contexto del sitio de la parte que enlaza.<\/p>\n<p style=\"text-align: justify;\">Podemos considerar y aprobar otras solicitudes de enlace de los siguientes tipos de organizaciones:<\/p>\n<ul style=\"text-align: justify;\">\n<li>Fuentes de informaci\u00f3n de consumidores y\/o empresas com\u00fanmente conocidas;<\/li>\n<li>Sitios de comunidades punto.com;<\/li>\n<li>Asociaciones u otros grupos que representen a organizaciones ben\u00e9ficas;<\/li>\n<li>Distribuidores de directorios en l\u00ednea;<\/li>\n<li>Portales de Internet;<\/li>\n<li>Empresas de contabilidad, derecho y consultor\u00eda; e<\/li>\n<li>Instituciones educativas y asociaciones comerciales.<\/li>\n<\/ul>\n<p style=\"text-align: justify;\">Aprobaremos las solicitudes de enlace de estas organizaciones si decidimos que: (a) el enlace no dar\u00eda una imagen desfavorable de nosotros o de nuestras empresas acreditadas; (b) la organizaci\u00f3n no tiene ning\u00fan historial negativo con nosotros; (c) el beneficio para nosotros de la visibilidad del hiperv\u00ednculo compensa la ausencia de ODG Media LLC; y (d) el enlace est\u00e1 en el contexto de la informaci\u00f3n de recursos generales.<\/p>\n<p style=\"text-align: justify;\">Estas organizaciones pueden enlazar con nuestra p\u00e1gina de inicio siempre que el enlace: (a) no sea en modo alguno enga\u00f1oso; (b) no implique falsamente el patrocinio, el respaldo o la aprobaci\u00f3n de la parte que enlaza y de sus productos y\/o servicios; y (c) se ajuste al contexto del sitio de la parte que enlaza.<\/p>\n<p style=\"text-align: justify;\">Si usted es una de las organizaciones enumeradas en el segundo p\u00e1rrafo de este apartado y est\u00e1 interesado en establecer un enlace con nuestro sitio web, debe informarnos enviando un correo electr\u00f3nico a ODG Media LLC. por favor incluya su nombre, el nombre de su organizaci\u00f3n, la informaci\u00f3n de contacto, as\u00ed como la URL de su sitio, una lista de las URL desde las que pretende enlazar a nuestro sitio web y una lista de las URL de nuestro sitio a las que le gustar\u00eda enlazar. Espere 2-3 semanas para recibir una respuesta.<\/p>\n<p style=\"text-align: justify;\">Las organizaciones aprobadas pueden establecer un hiperv\u00ednculo a nuestro sitio web de la siguiente manera:<\/p>\n<ul style=\"text-align: justify;\">\n<li>Utilizando nuestro nombre corporativo; o<\/li>\n<li>Mediante el uso del localizador uniforme de recursos al que se enlaza; o<\/li>\n<li>Mediante el uso de cualquier otra descripci\u00f3n de nuestro sitio web al que se enlaza que tenga sentido dentro del contexto y el formato del contenido del sitio de la parte que enlaza.<\/li>\n<\/ul>\n<p style=\"text-align: justify;\">No se permitir\u00e1 el uso del logotipo de ODG Media LLC ni de otras ilustraciones para los enlaces sin un acuerdo de licencia de marca.<\/p>\n<p><!-- \/wp:paragraph --> <\/p>\n<p><!-- wp:heading --><\/p>\n<h5 style=\"text-align: justify;\">iFrames<\/h5>\n<p style=\"text-align: justify;\">Sin autorizaci\u00f3n previa y por escrito, no se pueden crear marcos alrededor de las p\u00e1ginas web que alteren de alguna manera la presentaci\u00f3n visual o la apariencia de nuestro sitio web.<\/p>\n<p><!-- \/wp:paragraph --> <\/p>\n<p><!-- wp:heading --><\/p>\n<h5 style=\"text-align: justify;\">Responsabilidad del Contenido<\/h5>\n<p style=\"text-align: justify;\">No seremos responsables de ning\u00fan contenido que aparezca en su sitio web. Usted se compromete a protegernos y a defendernos de todas las reclamaciones que se produzcan en su sitio web. No debe aparecer ning\u00fan enlace en ning\u00fan sitio web que pueda interpretarse como difamatorio, obsceno o delictivo, o que infrinja, viole o promueva la infracci\u00f3n u otra violaci\u00f3n de derechos de terceros.<\/p>\n<p><!-- \/wp:paragraph --> <\/p>\n<p><!-- wp:heading --><\/p>\n<h5 style=\"text-align: justify;\">Su Privacidad<\/h5>\n<p style=\"text-align: justify;\">Por favor lea la Pol\u00edtica de Privacidad.<\/p>\n<p><!-- \/wp:paragraph --> <\/p>\n<p><!-- wp:heading --><\/p>\n<h5 style=\"text-align: justify;\">Reserva de Derechos<\/h5>\n<p style=\"text-align: justify;\">Nos reservamos el derecho de solicitarle que elimine todos los enlaces o cualquier enlace particular a nuestro sitio web. Usted se compromete a eliminar inmediatamente todos los enlaces a nuestro sitio web cuando se le solicite. Tambi\u00e9n nos reservamos el derecho de modificar estos t\u00e9rminos y condiciones y su pol\u00edtica de enlaces en cualquier momento. Al enlazar continuamente con nuestro sitio web, usted acepta someterse y seguir estos t\u00e9rminos y condiciones de enlace.<\/p>\n<p><!-- \/wp:paragraph --> <\/p>\n<p><!-- wp:heading --><\/p>\n<h5 style=\"text-align: left;\">Eliminaci\u00f3n de enlaces de nuestro sitio web<\/h5>\n<p style=\"text-align: justify;\">Si encuentra alg\u00fan enlace en nuestro sitio web que sea ofensivo por cualquier motivo, puede ponerse en contacto con nosotros e informarnos en cualquier momento. Tomaremos en cuenta las solicitudes de eliminaci\u00f3n de enlaces, pero no estamos obligados a ello ni a responderle directamente.<\/p>\n<p style=\"text-align: justify;\">No aseguramos que la informaci\u00f3n contenida en este sitio web sea correcta, no garantizamos su integridad o exactitud; tampoco nos comprometemos a asegurar que el sitio web siga estando disponible o que el material del sitio web se mantenga actualizado.<\/p>\n<p>&nbsp;<\/p>\n<h5 style=\"text-align: justify;\">Descargo de responsabilidad<\/h5>\n<p style=\"text-align: justify;\">En la medida m\u00e1xima permitida por la legislaci\u00f3n aplicable, excluimos todas las representaciones, garant\u00edas y condiciones relacionadas con nuestro sitio web y el uso de este sitio web. Nada de lo dispuesto en esta cl\u00e1usula de exenci\u00f3n de responsabilidad podr\u00e1:<\/p>\n<ul style=\"text-align: justify;\">\n<li>Limitar o excluir nuestra o su responsabilidad por muerte o lesiones personales;<\/li>\n<li>Limitar o excluir nuestra o su responsabilidad por fraude o tergiversaci\u00f3n fraudulenta;<\/li>\n<li>Limitar cualquiera de nuestras o sus responsabilidades de cualquier manera que no est\u00e9 permitida por la legislaci\u00f3n aplicable; o<\/li>\n<li>Excluir cualquiera de nuestras o sus responsabilidades que no puedan ser excluidas en virtud de la legislaci\u00f3n aplicable.<\/li>\n<\/ul>\n<p style=\"text-align: justify;\">Las limitaciones y prohibiciones de responsabilidad establecidas en esta Secci\u00f3n y en otras partes de este descargo de responsabilidad: (a) est\u00e1n sujetas al p\u00e1rrafo anterior; y (b) rigen todas las responsabilidades que se deriven del descargo de responsabilidad, incluidas las responsabilidades contractuales, extracontractuales y por incumplimiento de obligaciones legales.<\/p>\n<p style=\"text-align: justify;\">En la medida en que el sitio web y la informaci\u00f3n y los servicios del sitio web se proporcionan de forma gratuita, no seremos responsables de ninguna p\u00e9rdida o da\u00f1o de cualquier naturaleza.<\/p>\n<p>[\/vc_column_text][\/vc_column][\/vc_row]<\/p>\n<\/div>","protected":false},"excerpt":{"rendered":"<p>[vc_row heading_color=&#8221;light&#8221; bg_type=&#8221;color&#8221; equal_column_height=&#8221;equal-column&#8221; font_color=&#8221;#ffffff&#8221; padding_top=&#8221;0&#8243; bg_color=&#8221;#06264d&#8221; padding_bottom=&#8221;0&#8243; margin_bottom=&#8221;0&#8243;][vc_column vertical_content_position=&#8221;middle&#8221; css=&#8221;.vc_custom_1637355527633{padding-right: 4% !important;padding-left: 4% !important;}&#8221;][vc_empty_space height=&#8221;120px&#8221;][vc_column_text] SOMOS CLAROS EN CUANTO A EXPECTATIVAS [\/vc_column_text][vc_empty_space height=&#8221;80px&#8221;][\/vc_column][\/vc_row][vc_row footer_feature=&#8221;yes&#8221; padding_top=&#8221;110&#8243; padding_bottom=&#8221;120&#8243;][vc_column][vc_column_text] &#13; T\u00e9rminos y Condiciones de ODG Media LLC &#13; Bienvenido a \u00a1DGO Legal! Estos t\u00e9rminos y condiciones describen las reglas y reglamentos para el uso del sitio web [&hellip;]<\/p>\n","protected":false},"author":10,"featured_media":13006,"parent":0,"menu_order":0,"comment_status":"closed","ping_status":"open","template":"","meta":{"footnotes":""},"class_list":["post-13053","page","type-page","status-publish","has-post-thumbnail","hentry"],"yoast_head":"<!-- This site is optimized with the Yoast SEO plugin v27.3 - https:\/\/yoast.com\/product\/yoast-seo-wordpress\/ -->\n<title>T\u00e9rminos - DGO Legal<\/title>\n<meta name=\"robots\" content=\"noindex, nofollow\" \/>\n<meta property=\"og:locale\" content=\"es_ES\" \/>\n<meta property=\"og:type\" content=\"article\" \/>\n<meta property=\"og:title\" content=\"T\u00e9rminos - DGO Legal\" \/>\n<meta property=\"og:description\" content=\"[vc_row heading_color=&#8221;light&#8221; bg_type=&#8221;color&#8221; equal_column_height=&#8221;equal-column&#8221; font_color=&#8221;#ffffff&#8221; padding_top=&#8221;0&#8243; bg_color=&#8221;#06264d&#8221; padding_bottom=&#8221;0&#8243; margin_bottom=&#8221;0&#8243;][vc_column vertical_content_position=&#8221;middle&#8221; css=&#8221;.vc_custom_1637355527633{padding-right: 4% !important;padding-left: 4% !important;}&#8221;][vc_empty_space height=&#8221;120px&#8221;][vc_column_text] SOMOS CLAROS EN CUANTO A EXPECTATIVAS [\/vc_column_text][vc_empty_space height=&#8221;80px&#8221;][\/vc_column][\/vc_row][vc_row footer_feature=&#8221;yes&#8221; padding_top=&#8221;110&#8243; padding_bottom=&#8221;120&#8243;][vc_column][vc_column_text] &#013; T\u00e9rminos y Condiciones de ODG Media LLC &#013; Bienvenido a \u00a1DGO Legal! Estos t\u00e9rminos y condiciones describen las reglas y reglamentos para el uso del sitio web [&hellip;]\" \/>\n<meta property=\"og:url\" content=\"https:\/\/dgo.legal\/es\/terminos\/\" \/>\n<meta property=\"og:site_name\" content=\"DGO Legal\" \/>\n<meta property=\"article:publisher\" content=\"https:\/\/www.facebook.com\/inmigraciontv\/\" \/>\n<meta property=\"article:modified_time\" content=\"2022-05-27T00:30:23+00:00\" \/>\n<meta property=\"og:image\" content=\"https:\/\/dgo.legal\/wp-content\/uploads\/2021\/12\/Terms-DGO-Legal.png\" \/>\n\t<meta property=\"og:image:width\" content=\"1903\" \/>\n\t<meta property=\"og:image:height\" content=\"937\" \/>\n\t<meta property=\"og:image:type\" content=\"image\/png\" \/>\n<meta name=\"twitter:card\" content=\"summary_large_image\" \/>\n<meta name=\"twitter:site\" content=\"@dgolegal\" \/>\n<script type=\"application\/ld+json\" class=\"yoast-schema-graph\">{\"@context\":\"https:\\\/\\\/schema.org\",\"@graph\":[{\"@type\":\"WebPage\",\"@id\":\"https:\\\/\\\/dgo.legal\\\/es\\\/terminos\\\/\",\"url\":\"https:\\\/\\\/dgo.legal\\\/es\\\/terminos\\\/\",\"name\":\"T\u00e9rminos - DGO Legal\",\"isPartOf\":{\"@id\":\"https:\\\/\\\/dgo.legal\\\/es\\\/#website\"},\"primaryImageOfPage\":{\"@id\":\"https:\\\/\\\/dgo.legal\\\/es\\\/terminos\\\/#primaryimage\"},\"image\":{\"@id\":\"https:\\\/\\\/dgo.legal\\\/es\\\/terminos\\\/#primaryimage\"},\"thumbnailUrl\":\"https:\\\/\\\/dgo.legal\\\/wp-content\\\/uploads\\\/2021\\\/12\\\/Terms-DGO-Legal.png\",\"datePublished\":\"2021-10-12T00:14:52+00:00\",\"dateModified\":\"2022-05-27T00:30:23+00:00\",\"breadcrumb\":{\"@id\":\"https:\\\/\\\/dgo.legal\\\/es\\\/terminos\\\/#breadcrumb\"},\"inLanguage\":\"es\",\"potentialAction\":[{\"@type\":\"ReadAction\",\"target\":[\"https:\\\/\\\/dgo.legal\\\/es\\\/terminos\\\/\"]}]},{\"@type\":\"ImageObject\",\"inLanguage\":\"es\",\"@id\":\"https:\\\/\\\/dgo.legal\\\/es\\\/terminos\\\/#primaryimage\",\"url\":\"https:\\\/\\\/dgo.legal\\\/wp-content\\\/uploads\\\/2021\\\/12\\\/Terms-DGO-Legal.png\",\"contentUrl\":\"https:\\\/\\\/dgo.legal\\\/wp-content\\\/uploads\\\/2021\\\/12\\\/Terms-DGO-Legal.png\",\"width\":1903,\"height\":937},{\"@type\":\"BreadcrumbList\",\"@id\":\"https:\\\/\\\/dgo.legal\\\/es\\\/terminos\\\/#breadcrumb\",\"itemListElement\":[{\"@type\":\"ListItem\",\"position\":1,\"name\":\"Home\",\"item\":\"https:\\\/\\\/dgo.legal\\\/es\\\/\"},{\"@type\":\"ListItem\",\"position\":2,\"name\":\"T\u00e9rminos\"}]},{\"@type\":\"WebSite\",\"@id\":\"https:\\\/\\\/dgo.legal\\\/es\\\/#website\",\"url\":\"https:\\\/\\\/dgo.legal\\\/es\\\/\",\"name\":\"DGO Legal\",\"description\":\"Business and Immigration Law\",\"publisher\":{\"@id\":\"https:\\\/\\\/dgo.legal\\\/es\\\/#organization\"},\"potentialAction\":[{\"@type\":\"SearchAction\",\"target\":{\"@type\":\"EntryPoint\",\"urlTemplate\":\"https:\\\/\\\/dgo.legal\\\/es\\\/?s={search_term_string}\"},\"query-input\":{\"@type\":\"PropertyValueSpecification\",\"valueRequired\":true,\"valueName\":\"search_term_string\"}}],\"inLanguage\":\"es\"},{\"@type\":\"Organization\",\"@id\":\"https:\\\/\\\/dgo.legal\\\/es\\\/#organization\",\"name\":\"DGO Legal\",\"url\":\"https:\\\/\\\/dgo.legal\\\/es\\\/\",\"logo\":{\"@type\":\"ImageObject\",\"inLanguage\":\"es\",\"@id\":\"https:\\\/\\\/dgo.legal\\\/es\\\/#\\\/schema\\\/logo\\\/image\\\/\",\"url\":\"https:\\\/\\\/dgo.legal\\\/wp-content\\\/uploads\\\/2022\\\/03\\\/DGO-Logo-SEO.png\",\"contentUrl\":\"https:\\\/\\\/dgo.legal\\\/wp-content\\\/uploads\\\/2022\\\/03\\\/DGO-Logo-SEO.png\",\"width\":1280,\"height\":720,\"caption\":\"DGO Legal\"},\"image\":{\"@id\":\"https:\\\/\\\/dgo.legal\\\/es\\\/#\\\/schema\\\/logo\\\/image\\\/\"},\"sameAs\":[\"https:\\\/\\\/www.facebook.com\\\/inmigraciontv\\\/\",\"https:\\\/\\\/x.com\\\/dgolegal\",\"https:\\\/\\\/www.instagram.com\\\/inmigraciontv\\\/\",\"https:\\\/\\\/www.linkedin.com\\\/company\\\/dgolegal\\\/\",\"https:\\\/\\\/www.youtube.com\\\/channel\\\/UCRccmoD3yw6pg3BlSBGkaOg\"]}]}<\/script>\n<!-- \/ Yoast SEO plugin. -->","yoast_head_json":{"title":"T\u00e9rminos - DGO Legal","robots":{"index":"noindex","follow":"nofollow"},"og_locale":"es_ES","og_type":"article","og_title":"T\u00e9rminos - DGO Legal","og_description":"[vc_row heading_color=&#8221;light&#8221; bg_type=&#8221;color&#8221; equal_column_height=&#8221;equal-column&#8221; font_color=&#8221;#ffffff&#8221; padding_top=&#8221;0&#8243; bg_color=&#8221;#06264d&#8221; padding_bottom=&#8221;0&#8243; margin_bottom=&#8221;0&#8243;][vc_column vertical_content_position=&#8221;middle&#8221; css=&#8221;.vc_custom_1637355527633{padding-right: 4% !important;padding-left: 4% !important;}&#8221;][vc_empty_space height=&#8221;120px&#8221;][vc_column_text] SOMOS CLAROS EN CUANTO A EXPECTATIVAS [\/vc_column_text][vc_empty_space height=&#8221;80px&#8221;][\/vc_column][\/vc_row][vc_row footer_feature=&#8221;yes&#8221; padding_top=&#8221;110&#8243; padding_bottom=&#8221;120&#8243;][vc_column][vc_column_text] &#13; T\u00e9rminos y Condiciones de ODG Media LLC &#13; Bienvenido a \u00a1DGO Legal! Estos t\u00e9rminos y condiciones describen las reglas y reglamentos para el uso del sitio web [&hellip;]","og_url":"https:\/\/dgo.legal\/es\/terminos\/","og_site_name":"DGO Legal","article_publisher":"https:\/\/www.facebook.com\/inmigraciontv\/","article_modified_time":"2022-05-27T00:30:23+00:00","og_image":[{"width":1903,"height":937,"url":"https:\/\/dgo.legal\/wp-content\/uploads\/2021\/12\/Terms-DGO-Legal.png","type":"image\/png"}],"twitter_card":"summary_large_image","twitter_site":"@dgolegal","schema":{"@context":"https:\/\/schema.org","@graph":[{"@type":"WebPage","@id":"https:\/\/dgo.legal\/es\/terminos\/","url":"https:\/\/dgo.legal\/es\/terminos\/","name":"T\u00e9rminos - DGO Legal","isPartOf":{"@id":"https:\/\/dgo.legal\/es\/#website"},"primaryImageOfPage":{"@id":"https:\/\/dgo.legal\/es\/terminos\/#primaryimage"},"image":{"@id":"https:\/\/dgo.legal\/es\/terminos\/#primaryimage"},"thumbnailUrl":"https:\/\/dgo.legal\/wp-content\/uploads\/2021\/12\/Terms-DGO-Legal.png","datePublished":"2021-10-12T00:14:52+00:00","dateModified":"2022-05-27T00:30:23+00:00","breadcrumb":{"@id":"https:\/\/dgo.legal\/es\/terminos\/#breadcrumb"},"inLanguage":"es","potentialAction":[{"@type":"ReadAction","target":["https:\/\/dgo.legal\/es\/terminos\/"]}]},{"@type":"ImageObject","inLanguage":"es","@id":"https:\/\/dgo.legal\/es\/terminos\/#primaryimage","url":"https:\/\/dgo.legal\/wp-content\/uploads\/2021\/12\/Terms-DGO-Legal.png","contentUrl":"https:\/\/dgo.legal\/wp-content\/uploads\/2021\/12\/Terms-DGO-Legal.png","width":1903,"height":937},{"@type":"BreadcrumbList","@id":"https:\/\/dgo.legal\/es\/terminos\/#breadcrumb","itemListElement":[{"@type":"ListItem","position":1,"name":"Home","item":"https:\/\/dgo.legal\/es\/"},{"@type":"ListItem","position":2,"name":"T\u00e9rminos"}]},{"@type":"WebSite","@id":"https:\/\/dgo.legal\/es\/#website","url":"https:\/\/dgo.legal\/es\/","name":"DGO Legal","description":"Business and Immigration Law","publisher":{"@id":"https:\/\/dgo.legal\/es\/#organization"},"potentialAction":[{"@type":"SearchAction","target":{"@type":"EntryPoint","urlTemplate":"https:\/\/dgo.legal\/es\/?s={search_term_string}"},"query-input":{"@type":"PropertyValueSpecification","valueRequired":true,"valueName":"search_term_string"}}],"inLanguage":"es"},{"@type":"Organization","@id":"https:\/\/dgo.legal\/es\/#organization","name":"DGO Legal","url":"https:\/\/dgo.legal\/es\/","logo":{"@type":"ImageObject","inLanguage":"es","@id":"https:\/\/dgo.legal\/es\/#\/schema\/logo\/image\/","url":"https:\/\/dgo.legal\/wp-content\/uploads\/2022\/03\/DGO-Logo-SEO.png","contentUrl":"https:\/\/dgo.legal\/wp-content\/uploads\/2022\/03\/DGO-Logo-SEO.png","width":1280,"height":720,"caption":"DGO Legal"},"image":{"@id":"https:\/\/dgo.legal\/es\/#\/schema\/logo\/image\/"},"sameAs":["https:\/\/www.facebook.com\/inmigraciontv\/","https:\/\/x.com\/dgolegal","https:\/\/www.instagram.com\/inmigraciontv\/","https:\/\/www.linkedin.com\/company\/dgolegal\/","https:\/\/www.youtube.com\/channel\/UCRccmoD3yw6pg3BlSBGkaOg"]}]}},"_links":{"self":[{"href":"https:\/\/dgo.legal\/es\/wp-json\/wp\/v2\/pages\/13053","targetHints":{"allow":["GET"]}}],"collection":[{"href":"https:\/\/dgo.legal\/es\/wp-json\/wp\/v2\/pages"}],"about":[{"href":"https:\/\/dgo.legal\/es\/wp-json\/wp\/v2\/types\/page"}],"author":[{"embeddable":true,"href":"https:\/\/dgo.legal\/es\/wp-json\/wp\/v2\/users\/10"}],"replies":[{"embeddable":true,"href":"https:\/\/dgo.legal\/es\/wp-json\/wp\/v2\/comments?post=13053"}],"version-history":[{"count":3,"href":"https:\/\/dgo.legal\/es\/wp-json\/wp\/v2\/pages\/13053\/revisions"}],"predecessor-version":[{"id":13056,"href":"https:\/\/dgo.legal\/es\/wp-json\/wp\/v2\/pages\/13053\/revisions\/13056"}],"wp:featuredmedia":[{"embeddable":true,"href":"https:\/\/dgo.legal\/es\/wp-json\/wp\/v2\/media\/13006"}],"wp:attachment":[{"href":"https:\/\/dgo.legal\/es\/wp-json\/wp\/v2\/media?parent=13053"}],"curies":[{"name":"wp","href":"https:\/\/api.w.org\/{rel}","templated":true}]}}