{"id":13040,"date":"2021-10-04T21:36:40","date_gmt":"2021-10-04T21:36:40","guid":{"rendered":"https:\/\/dgo.legal\/sandbox\/privacidad\/"},"modified":"2022-05-27T00:27:18","modified_gmt":"2022-05-27T00:27:18","slug":"privacidad","status":"publish","type":"page","link":"https:\/\/dgo.legal\/es\/privacidad\/","title":{"rendered":"Privacidad"},"content":{"rendered":"<div class=\"wpb-content-wrapper\"><p>[vc_row heading_color=&#8221;light&#8221; bg_type=&#8221;color&#8221; equal_column_height=&#8221;equal-column&#8221; font_color=&#8221;#ffffff&#8221; padding_top=&#8221;0&#8243; bg_color=&#8221;#06264d&#8221; padding_bottom=&#8221;0&#8243; margin_bottom=&#8221;0&#8243;][vc_column vertical_content_position=&#8221;middle&#8221; css=&#8221;.vc_custom_1637355527633{padding-right: 4% !important;padding-left: 4% !important;}&#8221;][vc_empty_space height=&#8221;120px&#8221;][vc_column_text]<\/p>\n<h1 style=\"text-align: center;\"><span style=\"color: #1386c3;\">SU PRIVACIDAD ES IMPORTANTE PARA NOSOTROS<\/span><\/h1>\n<p>[\/vc_column_text][vc_empty_space height=&#8221;80px&#8221;][\/vc_column][\/vc_row][vc_row disable_element=&#8221;yes&#8221; footer_feature=&#8221;yes&#8221; padding_top=&#8221;110&#8243; padding_bottom=&#8221;120&#8243;][vc_column][vc_column_text]<\/p>\n&#13;\n<h4 class=\"wp-block-heading\" style=\"text-align: left;\">Pol\u00edtica de privacidad de ODG Media LLC<\/h4>&#13;\n<p style=\"text-align: justify;\"><\/p><\/p>\n<p style=\"text-align: justify;\">\nODG Media LLC operates the dgo.legal website, which provides the SERVICE.&#13;\n<p style=\"text-align: justify;\">Esta p\u00e1gina se utiliza para informar a los visitantes del sitio web sobre nuestras pol\u00edticas respecto la recopilaci\u00f3n, el uso y la divulgaci\u00f3n de informaci\u00f3n personal si alguien decidi\u00f3 utilizar nuestro Servicio, el sitio web DGO Legal.<\/p>&#13;\n<p style=\"text-align: justify;\">Si usted decide utilizar nuestro Servicio, entonces est\u00e1 de acuerdo con la recopilaci\u00f3n y el uso de la informaci\u00f3n en relaci\u00f3n con esta pol\u00edtica. La Informaci\u00f3n Personal que recopilamos se utiliza para proporcionar y mejorar el Servicio. No utilizaremos ni compartiremos su informaci\u00f3n con nadie excepto en los casos descritos en esta Pol\u00edtica de Privacidad.<\/p>&#13;\n<p style=\"text-align: justify;\">Los t\u00e9rminos utilizados en esta Pol\u00edtica de Privacidad tienen el mismo significado que en nuestros T\u00e9rminos y Condiciones, disponibles en dgo.legal, a menos que se defina lo contrario en esta Pol\u00edtica de Privacidad.<\/p>&#13;\n<p><\/p><p><\/p>\n<\/p>\r\n<h5 class=\"wp-block-heading\" style=\"text-align: left;\">Recopilaci\u00f3n y Uso de la Informaci\u00f3n<\/h5>\r\n<p style=\"text-align: justify;\">For a better experience while using our Service, we may require you to provide us with certain personally identifiable information, including but not limited to your name, phone number, and postal address. The information that we collect will be used to contact or identify you.&#13;\n<p><\/p><br \/>\r\n<\/p>\r\n<h5 class=\"wp-block-heading\" style=\"text-align: justify;\">Datos de Registro<\/h5>\r\n<p style=\"text-align: justify;\">We want to inform you that whenever you visit our Service, we collect information that your browser sends to us that is called Log Data. This Log Data may include information such as your computer\u2019s Internet Protocol (&#8220;IP&#8221;) address, browser version, pages of our Service that you visit, the time and date of your visit, the time spent on those pages, and other statistics.&#13;\n<p><\/p><br \/>\r\n<\/p>\r\n<h5 class=\"wp-block-heading\" style=\"text-align: justify;\">Cookies<\/h5>\r\n<p style=\"text-align: justify;\">Cookies are files with small amount of data that is commonly used an anonymous unique identifier. These are sent to your browser from the website that you visit and are stored on your computer\u2019s hard drive.&#13;\n<p style=\"text-align: justify;\">Nuestro sitio web utiliza estas &#8220;cookies&#8221; para recopilar informaci\u00f3n y mejorar nuestro Servicio. Usted tiene la opci\u00f3n de aceptar o rechazar estas cookies, y de saber cu\u00e1ndo se env\u00eda una cookie a su equipo. Si decide rechazar nuestras cookies, es posible que no pueda utilizar algunas partes de nuestro Servicio.<\/p>&#13;\n<p style=\"text-align: justify;\">Para obtener m\u00e1s informaci\u00f3n general sobre las cookies, lea <a href=\"https:\/\/www.generateprivacypolicy.com\/#cookies\" target=\"_blank\" rel=\"noopener\">este enlace<\/a>.<\/p>&#13;\n<p><\/p><br \/>\r\n&#13;\n<h5 class=\"wp-block-heading\" style=\"text-align: justify;\">Proveedores de servicios<\/h5>&#13;\n<p style=\"text-align: justify;\"><\/p>We may employ third-party companies and individuals due to the following reasons:<\/p>\r\n<ul style=\"text-align: justify;\">\r\n<li>To facilitate our Service;<\/li>\r\n<li>To provide the Service on our behalf;<\/li>\r\n<li>To perform Service-related services; or<\/li>\r\n<li>To assist us in analyzing how our Service is used.<\/li>\r\n<\/ul>\r\n<p style=\"text-align: justify;\">We want to inform our Service users that these third parties have access to your Personal Information. The reason is to perform the tasks assigned to them on our behalf. However, they are obligated not to disclose or use the information for any other purpose.<\/p>\r\n<p><br \/>\r\n&#13;\n<h5 class=\"wp-block-heading\" style=\"text-align: justify;\">Seguridad<\/h5>&#13;\n<p style=\"text-align: justify;\"><\/p>We value your trust in providing us your Personal Information, thus we are striving to use commercially acceptable means of protecting it. But remember that no method of transmission over the internet, or method of electronic storage is 100% secure and reliable, and we cannot guarantee its absolute security.<\/p>\r\n<p><br \/>\r\n&#13;\n<h5 class=\"wp-block-heading\" style=\"text-align: justify;\">Enlaces a Otros Sitios<\/h5>&#13;\n<p style=\"text-align: justify;\"><\/p>Our Service may contain links to other sites. If you click on a third-party link, you will be directed to that site. Note that these external sites are not operated by us. Therefore, we strongly advise you to review the Privacy Policy of these websites. We have no control over, and assume no responsibility for the content, privacy policies, or practices of any third-party sites or services.<\/p>\r\n<p style=\"text-align: justify;\">Children&#8217;s Privacy<\/p>\r\n<p style=\"text-align: justify;\">Our Services do not address anyone under the age of 13. We do not knowingly collect personal identifiable information from children under 13. In the case we discover that a child under 13 has provided us with personal information, we immediately delete this from our servers. If you are a parent or guardian and you are aware that your child has provided us with personal information, please contact us so that we will be able to do necessary actions.<\/p>\r\n<p><p><\/p>\n&#13;\n<h5 class=\"wp-block-heading\" style=\"text-align: left;\">Cambios en esta pol\u00edtica de privacidad<\/h5>&#13;\n<p style=\"text-align: justify;\"><\/p><p>We may update our Privacy Policy from time to time. Thus, we advise you to review this page periodically for any changes. We will notify you of any changes by posting the new Privacy Policy on this page. These changes are effective immediately, after they are posted on this page.<\/p>\n<p><!-- \/wp:post-content --><br \/>\n<!-- wp:heading --><\/p>\n<h5 style=\"text-align: justify;\">Contact Us<\/h5>\n<p style=\"text-align: justify;\"><!-- \/wp:heading -->If you have any questions or suggestions about our Privacy Policy, do not hesitate to contact us.<\/p>\n<p>[\/vc_column_text][\/vc_column][\/vc_row][vc_row footer_feature=&#8221;yes&#8221; padding_top=&#8221;110&#8243; padding_bottom=&#8221;120&#8243;][vc_column][vc_column_text]<!-- wp:heading --><\/p>\n<h4 style=\"text-align: left;\">Pol\u00edtica de privacidad de ODG Media LLC<\/h4>\n<p style=\"text-align: justify;\"><!-- \/wp:heading --><\/p>\n<p style=\"text-align: justify;\"><!-- wp:paragraph -->ODG Media LLC opera el sitio web dgo.legal, el cual proporciona el SERVICIO.<\/p>\n<p style=\"text-align: justify;\">Esta p\u00e1gina se utiliza para informar a los visitantes del sitio web sobre nuestras pol\u00edticas respecto la recopilaci\u00f3n, el uso y la divulgaci\u00f3n de informaci\u00f3n personal si alguien decidi\u00f3 utilizar nuestro Servicio, el sitio web DGO Legal.<\/p>\n<p style=\"text-align: justify;\">Si usted decide utilizar nuestro Servicio, entonces est\u00e1 de acuerdo con la recopilaci\u00f3n y el uso de la informaci\u00f3n en relaci\u00f3n con esta pol\u00edtica. La Informaci\u00f3n Personal que recopilamos se utiliza para proporcionar y mejorar el Servicio. No utilizaremos ni compartiremos su informaci\u00f3n con nadie excepto en los casos descritos en esta Pol\u00edtica de Privacidad.<\/p>\n<p style=\"text-align: justify;\">Los t\u00e9rminos utilizados en esta Pol\u00edtica de Privacidad tienen el mismo significado que en nuestros T\u00e9rminos y Condiciones, disponibles en dgo.legal, a menos que se defina lo contrario en esta Pol\u00edtica de Privacidad.<\/p>\n<p><!-- \/wp:paragraph --><br \/>\n<!-- wp:heading --><\/p>\n<h5 style=\"text-align: left;\">Recopilaci\u00f3n y Uso de la Informaci\u00f3n<\/h5>\n<p style=\"text-align: justify;\"><!-- wp:paragraph -->Para una mejor experiencia en el uso de nuestro Servicio, es posible que le pidamos que nos proporcione cierta informaci\u00f3n de identificaci\u00f3n personal, incluyendo, pero no limit\u00e1ndose a su nombre, n\u00famero de tel\u00e9fono y direcci\u00f3n postal. La informaci\u00f3n que recopilamos se utilizar\u00e1 para contactarle o identificarle.<\/p>\n<p><!-- \/wp:paragraph --><br \/>\n<!-- wp:heading --><\/p>\n<h5 style=\"text-align: justify;\">Datos de Registro<\/h5>\n<p style=\"text-align: justify;\"><!-- wp:paragraph -->Queremos informarle que cada vez que visita nuestro Servicio, nosotros recopilamos la informaci\u00f3n que su navegador nos env\u00eda, denominada Datos de Registro. Estos Datos de Registro pueden incluir informaci\u00f3n como la direcci\u00f3n del Protocolo de Internet (&#8220;IP&#8221;) de su equipo, la versi\u00f3n del navegador, las p\u00e1ginas de nuestro Servicio que visita, la hora y la fecha de su visita, el tiempo que pasa en esas p\u00e1ginas y otras estad\u00edsticas.<\/p>\n<p><!-- \/wp:paragraph --><br \/>\n<!-- wp:heading --><\/p>\n<h5 style=\"text-align: justify;\">Cookies<\/h5>\n<p style=\"text-align: justify;\"><!-- wp:paragraph -->Las cookies son archivos con una peque\u00f1a cantidad de datos que suelen utilizarse como identificador \u00fanico an\u00f3nimo. Se env\u00edan a su navegador desde el sitio web que visita y se almacenan en el disco duro de su equipo.<\/p>\n<p style=\"text-align: justify;\">Nuestro sitio web utiliza estas &#8220;cookies&#8221; para recopilar informaci\u00f3n y mejorar nuestro Servicio. Usted tiene la opci\u00f3n de aceptar o rechazar estas cookies, y de saber cu\u00e1ndo se env\u00eda una cookie a su equipo. Si decide rechazar nuestras cookies, es posible que no pueda utilizar algunas partes de nuestro Servicio.<\/p>\n<p style=\"text-align: justify;\">Para obtener m\u00e1s informaci\u00f3n general sobre las cookies, lea <a href=\"https:\/\/www.generateprivacypolicy.com\/#cookies\" target=\"_blank\" rel=\"noopener\">este enlace<\/a>.<\/p>\n<p><!-- \/wp:paragraph --><br \/>\n<!-- wp:heading --><\/p>\n<h5 style=\"text-align: justify;\">Proveedores de servicios<\/h5>\n<p style=\"text-align: justify;\"><!-- \/wp:heading -->Podemos emplear empresas y personas terceras por las siguientes razones:<\/p>\n<ul style=\"text-align: justify;\">\n<li>Para facilitar nuestro Servicio;<\/li>\n<li>Para prestar el Servicio en nuestro nombre;<\/li>\n<li>Para realizar servicios relacionados con el Servicio; o<\/li>\n<li>Para ayudarnos a analizar c\u00f3mo se utiliza nuestro Servicio.<\/li>\n<\/ul>\n<p style=\"text-align: justify;\">Queremos informar a los usuarios de nuestro Servicio que estos terceros tienen acceso a sus Datos Personales. El motivo es para realizar las tareas que se les asignan en nuestro nombre. Sin embargo, est\u00e1n obligados a no revelar ni utilizar la informaci\u00f3n para ning\u00fan otro prop\u00f3sito.<\/p>\n<p><!-- \/wp:heading --><br \/>\n<!-- wp:heading --><\/p>\n<h5 style=\"text-align: justify;\">Seguridad<\/h5>\n<p style=\"text-align: justify;\"><!-- \/wp:heading -->Valoramos su confianza al proporcionarnos su Informaci\u00f3n Personal, por lo que nos esforzamos en utilizar medios comercialmente aceptables para protegerla. Pero recuerde que ning\u00fan m\u00e9todo de transmisi\u00f3n por Internet, o m\u00e9todo de almacenamiento electr\u00f3nico, es 100% seguro y confiable, y no podemos garantizar su absoluta seguridad.<\/p>\n<p><!-- \/wp:heading --><br \/>\n<!-- wp:heading --><\/p>\n<h5 style=\"text-align: justify;\">Enlaces a Otros Sitios<\/h5>\n<p style=\"text-align: justify;\"><!-- \/wp:heading -->Nuestro Servicio puede contener enlaces a otros sitios. Si hace clic en un enlace externo, ser\u00e1 dirigido a ese sitio. Tenga en cuenta que estos sitios externos no son operados por nosotros. Por lo tanto, le recomendamos encarecidamente que revise la Pol\u00edtica de Privacidad de estos sitios web. No tenemos ning\u00fan control ni asumimos responsabilidad alguna por el contenido, las pol\u00edticas de privacidad o las pr\u00e1cticas de los sitios o servicios de terceros.<\/p>\n<p style=\"text-align: justify;\">Privacidad de los ni\u00f1os<\/p>\n<p style=\"text-align: justify;\">Nuestros servicios no se dirigen a ning\u00fan menor de 13 a\u00f1os. No recopilamos conscientemente informaci\u00f3n personal identificable de ni\u00f1os menores de 13 a\u00f1os. En caso de que descubramos que un ni\u00f1o menor de 13 a\u00f1os nos ha proporcionado informaci\u00f3n personal, la eliminamos inmediatamente de nuestros servidores. Si usted es un padre o tutor y tiene conocimiento de que su hijo nos ha proporcionado informaci\u00f3n personal, p\u00f3ngase en contacto con nosotros para que podamos tomar las medidas necesarias.<\/p>\n<p><!-- \/wp:heading --><br \/>\n<!-- wp:heading --><\/p>\n<h5 style=\"text-align: left;\">Cambios en esta pol\u00edtica de privacidad<\/h5>\n<p style=\"text-align: justify;\"><!-- \/wp:heading -->Es posible que actualicemos nuestra pol\u00edtica de privacidad cada cierto tiempo. Por lo tanto, le aconsejamos revisar esta p\u00e1gina peri\u00f3dicamente para ver si hay cambios. Le notificaremos cualquier cambio publicando la nueva Pol\u00edtica de Privacidad en esta p\u00e1gina. Estos cambios entran en vigor inmediatamente despu\u00e9s de su publicaci\u00f3n en esta p\u00e1gina.<\/p>\n<p><!-- \/wp:paragraph --><br \/>\n<!-- wp:heading --><\/p>\n<h5 style=\"text-align: justify;\">Contacto<\/h5>\n<p style=\"text-align: justify;\"><!-- \/wp:heading -->Si tiene alguna pregunta o sugerencia sobre nuestra Pol\u00edtica de Privacidad, no dude en ponerse en contacto con nosotros.<\/p>\n<p>[\/vc_column_text][\/vc_column][\/vc_row]<\/p>\n<\/div>","protected":false},"excerpt":{"rendered":"<p>[vc_row heading_color=&#8221;light&#8221; bg_type=&#8221;color&#8221; equal_column_height=&#8221;equal-column&#8221; font_color=&#8221;#ffffff&#8221; padding_top=&#8221;0&#8243; bg_color=&#8221;#06264d&#8221; padding_bottom=&#8221;0&#8243; margin_bottom=&#8221;0&#8243;][vc_column vertical_content_position=&#8221;middle&#8221; css=&#8221;.vc_custom_1637355527633{padding-right: 4% !important;padding-left: 4% !important;}&#8221;][vc_empty_space height=&#8221;120px&#8221;][vc_column_text] SU PRIVACIDAD ES IMPORTANTE PARA NOSOTROS [\/vc_column_text][vc_empty_space height=&#8221;80px&#8221;][\/vc_column][\/vc_row][vc_row disable_element=&#8221;yes&#8221; footer_feature=&#8221;yes&#8221; padding_top=&#8221;110&#8243; padding_bottom=&#8221;120&#8243;][vc_column][vc_column_text] &#13; Pol\u00edtica de privacidad de ODG Media LLC &#13; ODG Media LLC operates the dgo.legal website, which provides the SERVICE.&#13; Esta p\u00e1gina se utiliza para informar a [&hellip;]<\/p>\n","protected":false},"author":10,"featured_media":13005,"parent":0,"menu_order":0,"comment_status":"closed","ping_status":"closed","template":"","meta":{"footnotes":""},"class_list":["post-13040","page","type-page","status-publish","has-post-thumbnail","hentry"],"yoast_head":"<!-- This site is optimized with the Yoast SEO plugin v27.3 - https:\/\/yoast.com\/product\/yoast-seo-wordpress\/ -->\n<title>Privacidad - DGO Legal<\/title>\n<meta name=\"robots\" content=\"noindex, nofollow\" \/>\n<meta property=\"og:locale\" content=\"es_ES\" \/>\n<meta property=\"og:type\" content=\"article\" \/>\n<meta property=\"og:title\" content=\"Privacidad - DGO Legal\" \/>\n<meta property=\"og:description\" content=\"[vc_row heading_color=&#8221;light&#8221; bg_type=&#8221;color&#8221; equal_column_height=&#8221;equal-column&#8221; font_color=&#8221;#ffffff&#8221; padding_top=&#8221;0&#8243; bg_color=&#8221;#06264d&#8221; padding_bottom=&#8221;0&#8243; margin_bottom=&#8221;0&#8243;][vc_column vertical_content_position=&#8221;middle&#8221; css=&#8221;.vc_custom_1637355527633{padding-right: 4% !important;padding-left: 4% !important;}&#8221;][vc_empty_space height=&#8221;120px&#8221;][vc_column_text] SU PRIVACIDAD ES IMPORTANTE PARA NOSOTROS [\/vc_column_text][vc_empty_space height=&#8221;80px&#8221;][\/vc_column][\/vc_row][vc_row disable_element=&#8221;yes&#8221; footer_feature=&#8221;yes&#8221; padding_top=&#8221;110&#8243; padding_bottom=&#8221;120&#8243;][vc_column][vc_column_text] &#013; Pol\u00edtica de privacidad de ODG Media LLC &#013; ODG Media LLC operates the dgo.legal website, which provides the SERVICE.&#013; Esta p\u00e1gina se utiliza para informar a [&hellip;]\" \/>\n<meta property=\"og:url\" content=\"https:\/\/dgo.legal\/es\/privacidad\/\" \/>\n<meta property=\"og:site_name\" content=\"DGO Legal\" \/>\n<meta property=\"article:publisher\" content=\"https:\/\/www.facebook.com\/inmigraciontv\/\" \/>\n<meta property=\"article:modified_time\" content=\"2022-05-27T00:27:18+00:00\" \/>\n<meta property=\"og:image\" content=\"https:\/\/dgo.legal\/wp-content\/uploads\/2021\/12\/Privacy-DGO-Legal.png\" \/>\n\t<meta property=\"og:image:width\" content=\"1903\" \/>\n\t<meta property=\"og:image:height\" content=\"937\" \/>\n\t<meta property=\"og:image:type\" content=\"image\/png\" \/>\n<meta name=\"twitter:card\" content=\"summary_large_image\" \/>\n<meta name=\"twitter:site\" content=\"@dgolegal\" \/>\n<script type=\"application\/ld+json\" class=\"yoast-schema-graph\">{\"@context\":\"https:\\\/\\\/schema.org\",\"@graph\":[{\"@type\":\"WebPage\",\"@id\":\"https:\\\/\\\/dgo.legal\\\/es\\\/privacidad\\\/\",\"url\":\"https:\\\/\\\/dgo.legal\\\/es\\\/privacidad\\\/\",\"name\":\"Privacidad - DGO Legal\",\"isPartOf\":{\"@id\":\"https:\\\/\\\/dgo.legal\\\/es\\\/#website\"},\"primaryImageOfPage\":{\"@id\":\"https:\\\/\\\/dgo.legal\\\/es\\\/privacidad\\\/#primaryimage\"},\"image\":{\"@id\":\"https:\\\/\\\/dgo.legal\\\/es\\\/privacidad\\\/#primaryimage\"},\"thumbnailUrl\":\"https:\\\/\\\/dgo.legal\\\/wp-content\\\/uploads\\\/2021\\\/12\\\/Privacy-DGO-Legal.png\",\"datePublished\":\"2021-10-04T21:36:40+00:00\",\"dateModified\":\"2022-05-27T00:27:18+00:00\",\"breadcrumb\":{\"@id\":\"https:\\\/\\\/dgo.legal\\\/es\\\/privacidad\\\/#breadcrumb\"},\"inLanguage\":\"es\",\"potentialAction\":[{\"@type\":\"ReadAction\",\"target\":[\"https:\\\/\\\/dgo.legal\\\/es\\\/privacidad\\\/\"]}]},{\"@type\":\"ImageObject\",\"inLanguage\":\"es\",\"@id\":\"https:\\\/\\\/dgo.legal\\\/es\\\/privacidad\\\/#primaryimage\",\"url\":\"https:\\\/\\\/dgo.legal\\\/wp-content\\\/uploads\\\/2021\\\/12\\\/Privacy-DGO-Legal.png\",\"contentUrl\":\"https:\\\/\\\/dgo.legal\\\/wp-content\\\/uploads\\\/2021\\\/12\\\/Privacy-DGO-Legal.png\",\"width\":1903,\"height\":937},{\"@type\":\"BreadcrumbList\",\"@id\":\"https:\\\/\\\/dgo.legal\\\/es\\\/privacidad\\\/#breadcrumb\",\"itemListElement\":[{\"@type\":\"ListItem\",\"position\":1,\"name\":\"Home\",\"item\":\"https:\\\/\\\/dgo.legal\\\/es\\\/\"},{\"@type\":\"ListItem\",\"position\":2,\"name\":\"Privacidad\"}]},{\"@type\":\"WebSite\",\"@id\":\"https:\\\/\\\/dgo.legal\\\/es\\\/#website\",\"url\":\"https:\\\/\\\/dgo.legal\\\/es\\\/\",\"name\":\"DGO Legal\",\"description\":\"Business and Immigration Law\",\"publisher\":{\"@id\":\"https:\\\/\\\/dgo.legal\\\/es\\\/#organization\"},\"potentialAction\":[{\"@type\":\"SearchAction\",\"target\":{\"@type\":\"EntryPoint\",\"urlTemplate\":\"https:\\\/\\\/dgo.legal\\\/es\\\/?s={search_term_string}\"},\"query-input\":{\"@type\":\"PropertyValueSpecification\",\"valueRequired\":true,\"valueName\":\"search_term_string\"}}],\"inLanguage\":\"es\"},{\"@type\":\"Organization\",\"@id\":\"https:\\\/\\\/dgo.legal\\\/es\\\/#organization\",\"name\":\"DGO Legal\",\"url\":\"https:\\\/\\\/dgo.legal\\\/es\\\/\",\"logo\":{\"@type\":\"ImageObject\",\"inLanguage\":\"es\",\"@id\":\"https:\\\/\\\/dgo.legal\\\/es\\\/#\\\/schema\\\/logo\\\/image\\\/\",\"url\":\"https:\\\/\\\/dgo.legal\\\/wp-content\\\/uploads\\\/2022\\\/03\\\/DGO-Logo-SEO.png\",\"contentUrl\":\"https:\\\/\\\/dgo.legal\\\/wp-content\\\/uploads\\\/2022\\\/03\\\/DGO-Logo-SEO.png\",\"width\":1280,\"height\":720,\"caption\":\"DGO Legal\"},\"image\":{\"@id\":\"https:\\\/\\\/dgo.legal\\\/es\\\/#\\\/schema\\\/logo\\\/image\\\/\"},\"sameAs\":[\"https:\\\/\\\/www.facebook.com\\\/inmigraciontv\\\/\",\"https:\\\/\\\/x.com\\\/dgolegal\",\"https:\\\/\\\/www.instagram.com\\\/inmigraciontv\\\/\",\"https:\\\/\\\/www.linkedin.com\\\/company\\\/dgolegal\\\/\",\"https:\\\/\\\/www.youtube.com\\\/channel\\\/UCRccmoD3yw6pg3BlSBGkaOg\"]}]}<\/script>\n<!-- \/ Yoast SEO plugin. -->","yoast_head_json":{"title":"Privacidad - DGO Legal","robots":{"index":"noindex","follow":"nofollow"},"og_locale":"es_ES","og_type":"article","og_title":"Privacidad - DGO Legal","og_description":"[vc_row heading_color=&#8221;light&#8221; bg_type=&#8221;color&#8221; equal_column_height=&#8221;equal-column&#8221; font_color=&#8221;#ffffff&#8221; padding_top=&#8221;0&#8243; bg_color=&#8221;#06264d&#8221; padding_bottom=&#8221;0&#8243; margin_bottom=&#8221;0&#8243;][vc_column vertical_content_position=&#8221;middle&#8221; css=&#8221;.vc_custom_1637355527633{padding-right: 4% !important;padding-left: 4% !important;}&#8221;][vc_empty_space height=&#8221;120px&#8221;][vc_column_text] SU PRIVACIDAD ES IMPORTANTE PARA NOSOTROS [\/vc_column_text][vc_empty_space height=&#8221;80px&#8221;][\/vc_column][\/vc_row][vc_row disable_element=&#8221;yes&#8221; footer_feature=&#8221;yes&#8221; padding_top=&#8221;110&#8243; padding_bottom=&#8221;120&#8243;][vc_column][vc_column_text] &#13; Pol\u00edtica de privacidad de ODG Media LLC &#13; ODG Media LLC operates the dgo.legal website, which provides the SERVICE.&#13; Esta p\u00e1gina se utiliza para informar a [&hellip;]","og_url":"https:\/\/dgo.legal\/es\/privacidad\/","og_site_name":"DGO Legal","article_publisher":"https:\/\/www.facebook.com\/inmigraciontv\/","article_modified_time":"2022-05-27T00:27:18+00:00","og_image":[{"width":1903,"height":937,"url":"https:\/\/dgo.legal\/wp-content\/uploads\/2021\/12\/Privacy-DGO-Legal.png","type":"image\/png"}],"twitter_card":"summary_large_image","twitter_site":"@dgolegal","schema":{"@context":"https:\/\/schema.org","@graph":[{"@type":"WebPage","@id":"https:\/\/dgo.legal\/es\/privacidad\/","url":"https:\/\/dgo.legal\/es\/privacidad\/","name":"Privacidad - DGO Legal","isPartOf":{"@id":"https:\/\/dgo.legal\/es\/#website"},"primaryImageOfPage":{"@id":"https:\/\/dgo.legal\/es\/privacidad\/#primaryimage"},"image":{"@id":"https:\/\/dgo.legal\/es\/privacidad\/#primaryimage"},"thumbnailUrl":"https:\/\/dgo.legal\/wp-content\/uploads\/2021\/12\/Privacy-DGO-Legal.png","datePublished":"2021-10-04T21:36:40+00:00","dateModified":"2022-05-27T00:27:18+00:00","breadcrumb":{"@id":"https:\/\/dgo.legal\/es\/privacidad\/#breadcrumb"},"inLanguage":"es","potentialAction":[{"@type":"ReadAction","target":["https:\/\/dgo.legal\/es\/privacidad\/"]}]},{"@type":"ImageObject","inLanguage":"es","@id":"https:\/\/dgo.legal\/es\/privacidad\/#primaryimage","url":"https:\/\/dgo.legal\/wp-content\/uploads\/2021\/12\/Privacy-DGO-Legal.png","contentUrl":"https:\/\/dgo.legal\/wp-content\/uploads\/2021\/12\/Privacy-DGO-Legal.png","width":1903,"height":937},{"@type":"BreadcrumbList","@id":"https:\/\/dgo.legal\/es\/privacidad\/#breadcrumb","itemListElement":[{"@type":"ListItem","position":1,"name":"Home","item":"https:\/\/dgo.legal\/es\/"},{"@type":"ListItem","position":2,"name":"Privacidad"}]},{"@type":"WebSite","@id":"https:\/\/dgo.legal\/es\/#website","url":"https:\/\/dgo.legal\/es\/","name":"DGO Legal","description":"Business and Immigration Law","publisher":{"@id":"https:\/\/dgo.legal\/es\/#organization"},"potentialAction":[{"@type":"SearchAction","target":{"@type":"EntryPoint","urlTemplate":"https:\/\/dgo.legal\/es\/?s={search_term_string}"},"query-input":{"@type":"PropertyValueSpecification","valueRequired":true,"valueName":"search_term_string"}}],"inLanguage":"es"},{"@type":"Organization","@id":"https:\/\/dgo.legal\/es\/#organization","name":"DGO Legal","url":"https:\/\/dgo.legal\/es\/","logo":{"@type":"ImageObject","inLanguage":"es","@id":"https:\/\/dgo.legal\/es\/#\/schema\/logo\/image\/","url":"https:\/\/dgo.legal\/wp-content\/uploads\/2022\/03\/DGO-Logo-SEO.png","contentUrl":"https:\/\/dgo.legal\/wp-content\/uploads\/2022\/03\/DGO-Logo-SEO.png","width":1280,"height":720,"caption":"DGO Legal"},"image":{"@id":"https:\/\/dgo.legal\/es\/#\/schema\/logo\/image\/"},"sameAs":["https:\/\/www.facebook.com\/inmigraciontv\/","https:\/\/x.com\/dgolegal","https:\/\/www.instagram.com\/inmigraciontv\/","https:\/\/www.linkedin.com\/company\/dgolegal\/","https:\/\/www.youtube.com\/channel\/UCRccmoD3yw6pg3BlSBGkaOg"]}]}},"_links":{"self":[{"href":"https:\/\/dgo.legal\/es\/wp-json\/wp\/v2\/pages\/13040","targetHints":{"allow":["GET"]}}],"collection":[{"href":"https:\/\/dgo.legal\/es\/wp-json\/wp\/v2\/pages"}],"about":[{"href":"https:\/\/dgo.legal\/es\/wp-json\/wp\/v2\/types\/page"}],"author":[{"embeddable":true,"href":"https:\/\/dgo.legal\/es\/wp-json\/wp\/v2\/users\/10"}],"replies":[{"embeddable":true,"href":"https:\/\/dgo.legal\/es\/wp-json\/wp\/v2\/comments?post=13040"}],"version-history":[{"count":20,"href":"https:\/\/dgo.legal\/es\/wp-json\/wp\/v2\/pages\/13040\/revisions"}],"predecessor-version":[{"id":13243,"href":"https:\/\/dgo.legal\/es\/wp-json\/wp\/v2\/pages\/13040\/revisions\/13243"}],"wp:featuredmedia":[{"embeddable":true,"href":"https:\/\/dgo.legal\/es\/wp-json\/wp\/v2\/media\/13005"}],"wp:attachment":[{"href":"https:\/\/dgo.legal\/es\/wp-json\/wp\/v2\/media?parent=13040"}],"curies":[{"name":"wp","href":"https:\/\/api.w.org\/{rel}","templated":true}]}}